{"id":418,"date":"2023-03-08T05:23:07","date_gmt":"2023-03-08T04:23:07","guid":{"rendered":"https:\/\/ikrhone.com\/?page_id=418"},"modified":"2023-03-08T05:23:07","modified_gmt":"2023-03-08T04:23:07","slug":"bagis","status":"publish","type":"page","link":"https:\/\/ikrhone.com\/tr\/bagis\/","title":{"rendered":"Ba\u011f\u0131\u015f"},"content":{"rendered":"<div id=\"tdi_1\" class=\"tdc-zone\"><div class=\"tdc_zone tdi_2  wpb_row td-pb-row\"  >\n<style scoped>\n\/* custom css - generated by TagDiv Composer *\/\n\n\/* custom css - generated by TagDiv Composer *\/\n.tdi_2{\r\n                    min-height: 0;\r\n                }\n<\/style><div id=\"tdi_3\" class=\"tdc-row stretch_row_1400 td-stretch-content\"><div class=\"vc_row tdi_4  wpb_row td-pb-row\" >\n<style scoped>\n\/* custom css - generated by TagDiv Composer *\/\n\n\/* custom css - generated by TagDiv Composer *\/\n.tdi_4,\r\n                .tdi_4 .tdc-columns{\r\n                    min-height: 0;\r\n                }.tdi_4,\r\n\t\t\t\t.tdi_4 .tdc-columns{\r\n\t\t\t\t    display: block;\r\n\t\t\t\t}.tdi_4 .tdc-columns{\r\n\t\t\t\t    width: 100%;\r\n\t\t\t\t}.tdi_4:before,\r\n\t\t\t\t.tdi_4:after{\r\n\t\t\t\t    display: table;\r\n\t\t\t\t}\n\/* inline tdc_css att - generated by TagDiv Composer *\/\n\n.tdi_4{\npadding-top:100px !important;\npadding-bottom:100px !important;\n}\n\n.tdi_4 .td_block_wrap{ text-align:left }\n\n\/* phone *\/\n@media (max-width: 767px)\n{\n.tdi_4{\npadding-top:50px !important;\npadding-bottom:50px !important;\n}\n}\n\n\/* portrait *\/\n@media (min-width: 768px) and (max-width: 1018px)\n{\n.tdi_4{\npadding-top:60px !important;\npadding-bottom:60px !important;\n}\n}\n\n\/* landscape *\/\n@media (min-width: 1019px) and (max-width: 1140px)\n{\n.tdi_4{\npadding-top:80px !important;\npadding-bottom:80px !important;\n}\n}\n\n<\/style><div class=\"vc_column tdi_6  wpb_column vc_column_container tdc-column td-pb-span5\">\n<style scoped>\n\/* custom css - generated by TagDiv Composer *\/\n\n\/* custom css - generated by TagDiv Composer *\/\n.tdi_6{\r\n                    vertical-align: baseline;\r\n                }.tdi_6 > .wpb_wrapper,\r\n\t\t\t\t.tdi_6 > .wpb_wrapper > .tdc-elements{\r\n\t\t\t\t    display: block;\r\n\t\t\t\t}.tdi_6 > .wpb_wrapper > .tdc-elements{\r\n\t\t\t\t    width: 100%;\r\n\t\t\t\t}.tdi_6 > .wpb_wrapper > .vc_row_inner{\r\n\t\t\t\t    width: auto;\r\n\t\t\t\t}.tdi_6 > .wpb_wrapper{\r\n\t\t\t\t    width: auto;\r\n\t\t\t\t    height: auto;\r\n\t\t\t\t}\n\/* inline tdc_css att - generated by TagDiv Composer *\/\n\n.tdi_6{\npadding-top:60px !important;\n}\n\n\/* phone *\/\n@media (max-width: 767px)\n{\n.tdi_6{\npadding-top:0px !important;\n}\n}\n\n<\/style><div class=\"wpb_wrapper\" ><div class=\"tdm_block td_block_wrap tdm_block_icon_box tdi_7 tdm-content-horiz-left tds_icon_box2_wrap td-pb-border-top td_block_template_1\"  data-td-block-uid=\"tdi_7\" >\n<style>\n\n\/* inline tdc_css att - generated by TagDiv Composer *\/\n\n.tdi_7{\nmargin-bottom:40px !important;\n}\n\n\/* portrait *\/\n@media (min-width: 768px) and (max-width: 1018px)\n{\n.tdi_7{\nmargin-bottom:20px !important;\n}\n}\n\n\/* landscape *\/\n@media (min-width: 1019px) and (max-width: 1140px)\n{\n.tdi_7{\nmargin-bottom:30px !important;\n}\n}\n\n<\/style>\n<style>\n\/* custom css - generated by TagDiv Composer *\/\n.tds_icon_box2_wrap .tds-icon-box{\r\n                  display: inline-block;\r\n                }.tds_icon_box2_wrap .tds-icon-box2:after{\r\n                  display: table;\r\n                  content: '';\r\n                  line-height: 0;\r\n                  clear: both;\r\n                }.tds_icon_box2_wrap .tdm-col-icon,\r\n                .tds_icon_box2_wrap .tdm-col-text{\r\n                  display: table-cell;\r\n                  vertical-align: top;\r\n                }.tds_icon_box2_wrap .icon_box_url_wrap{\r\n                  display: block;\r\n                  position: absolute;\r\n                  top: 0;\r\n                  left: 0;\r\n                  width: 100%;\r\n                  height: 100%;\r\n                }.tdi_8 .tdm-col-icon{\r\n\t\t\t\t    padding-right: 16px;\r\n\t\t\t\t}.tdi_8 .tds-title{\r\n\t\t\t\t    margin-top: 0px;\r\n\t\t\t\t\r\n\t\t\t\t    margin-bottom: 0px;\r\n\t\t\t\t}.tdi_8 .tdm-descr{\r\n\t\t\t\t    margin-bottom: 0px;\r\n\t\t\t\t}\n<\/style><div class=\"tds-icon-box tds-icon-box2 td-fix-index  tdi_8\"><div class=\"tdm-col-icon\">\n<style>\n\/* custom css - generated by TagDiv Composer *\/\n.tdi_9{\r\n\t\t\t\t    -webkit-transition: all 0.2s ease;\r\n                    -moz-transition: all 0.2s ease;\r\n                    -o-transition: all 0.2s ease;\r\n                    transition: all 0.2s ease;\r\n\t\t\t\t}.tdi_9:before{\r\n\t\t\t\t    -webkit-transition: all 0.2s ease;\r\n                    -moz-transition: all 0.2s ease;\r\n                    -o-transition: all 0.2s ease;\r\n                    transition: all 0.2s ease;\r\n\t\t\t\t\r\n\t\t\t\t\tcolor: #81c132;\r\n\t\t\t\t}.tdi_9 svg{\r\n\t\t\t\t    fill: #81c132;\r\n\t\t\t\t}.tdi_9 svg *{\r\n\t\t\t\t    fill: inherit;\r\n\t\t\t\t}\n\n\/* landscape *\/\n@media (min-width: 1019px) and (max-width: 1140px){\n\n}\n\n\/* portrait *\/\n@media (min-width: 768px) and (max-width: 1018px){\n\n}\n\n\/* phone *\/\n@media (max-width: 767px){\n\n}\n<\/style><i class=\"tds-icon tdc-font-tdmp tdc-font-tdmp-card tdi_9 td-fix-index \"><\/i><\/div><div class=\"tdm-col-text\">\n<style>\n\/* custom css - generated by TagDiv Composer *\/\n.tdi_10 .tdm-title{\r\n\t\t\t\t\tfont-family:Raleway !important;font-size:24px !important;line-height:30px !important;font-weight:500 !important;\r\n\t\t\t\t}\n\n\/* portrait *\/\n@media (min-width: 768px) and (max-width: 1018px){\n.tdi_10 .tdm-title{\r\n\t\t\t\t\tfont-size:20px !important;\r\n\t\t\t\t}\n}\n\n\/* phone *\/\n@media (max-width: 767px){\n.tdi_10 .tdm-title{\r\n\t\t\t\t\tfont-size:14px !important;line-height:22px !important;\r\n\t\t\t\t}\n}\n<\/style><div class=\"tds-title tds-title1 td-fix-index tdi_10 \"><h3 class=\"tdm-title tdm-title-sm\">Hesap Bilgileri<\/h3><\/div><p class=\"tdm-descr td-fix-index\">CH83 0900 0000 1603 5914 9\nAssociation de culture et D`integration du Rhone<\/p><\/div><\/div><style>.tdm_block_icon_box .tds-icon-svg svg{\r\n\t\t\t        display: block;\r\n\t\t\t    }.tdm_block_icon_box .tdm-descr{\r\n                  font-size: 14px;\r\n                  line-height: 24px;\r\n                  -webkit-transition: color 0.2s ease;\r\n                  transition: color 0.2s ease;\r\n                }.tdi_7 .tds-icon-box .tds-icon{\r\n\t\t\t\t    font-size: 50px;\r\n\t\t\t\t    text-align: center;\r\n\t\t\t\t\r\n\t\t\t\t    width: 50px;\r\n\t\t\t\t    height: 50px;\r\n\t\t\t\t    line-height: 50px;\r\n\t\t\t\t}<\/style><\/div><div class=\"tdm_block td_block_wrap tdm_block_icon_box tdi_11 tdm-content-horiz-left tds_icon_box2_wrap td-pb-border-top td_block_template_1\"  data-td-block-uid=\"tdi_11\" >\n<style>\n\n\/* inline tdc_css att - generated by TagDiv Composer *\/\n\n.tdi_11{\nmargin-bottom:40px !important;\n}\n\n\/* portrait *\/\n@media (min-width: 768px) and (max-width: 1018px)\n{\n.tdi_11{\nmargin-bottom:20px !important;\n}\n}\n\n\/* landscape *\/\n@media (min-width: 1019px) and (max-width: 1140px)\n{\n.tdi_11{\nmargin-bottom:30px !important;\n}\n}\n\n<\/style>\n<style>\n\/* custom css - generated by TagDiv Composer *\/\n.tdi_12 .tdm-col-icon{\r\n\t\t\t\t    padding-right: 15px;\r\n\t\t\t\t}.tdi_12 .tds-title{\r\n\t\t\t\t    margin-top: -3px;\r\n\t\t\t\t\r\n\t\t\t\t    margin-bottom: 0px;\r\n\t\t\t\t}.tdi_12 .tdm-descr{\r\n\t\t\t\t    margin-bottom: 0px;\r\n\t\t\t\t}\n<\/style><div class=\"tds-icon-box tds-icon-box2 td-fix-index  tdi_12\"><div class=\"tdm-col-icon\">\n<style>\n\/* custom css - generated by TagDiv Composer *\/\n.tdi_13{\r\n\t\t\t\t    -webkit-transition: all 0.2s ease;\r\n                    -moz-transition: all 0.2s ease;\r\n                    -o-transition: all 0.2s ease;\r\n                    transition: all 0.2s ease;\r\n\t\t\t\t}.tdi_13:before{\r\n\t\t\t\t    -webkit-transition: all 0.2s ease;\r\n                    -moz-transition: all 0.2s ease;\r\n                    -o-transition: all 0.2s ease;\r\n                    transition: all 0.2s ease;\r\n\t\t\t\t\r\n\t\t\t\t\tcolor: #81c132;\r\n\t\t\t\t}.tdi_13 svg{\r\n\t\t\t\t    fill: #81c132;\r\n\t\t\t\t}.tdi_13 svg *{\r\n\t\t\t\t    fill: inherit;\r\n\t\t\t\t}\n\n\/* landscape *\/\n@media (min-width: 1019px) and (max-width: 1140px){\n\n}\n\n\/* portrait *\/\n@media (min-width: 768px) and (max-width: 1018px){\n\n}\n\n\/* phone *\/\n@media (max-width: 767px){\n\n}\n<\/style><i class=\"tds-icon tdc-font-tdmp tdc-font-tdmp-location tdi_13 td-fix-index \"><\/i><\/div><div class=\"tdm-col-text\">\n<style>\n\/* custom css - generated by TagDiv Composer *\/\n.tdi_14 .tdm-title{\r\n\t\t\t\t\tfont-family:Raleway !important;font-size:24px !important;line-height:30px !important;font-weight:500 !important;\r\n\t\t\t\t}\n\n\/* portrait *\/\n@media (min-width: 768px) and (max-width: 1018px){\n.tdi_14 .tdm-title{\r\n\t\t\t\t\tfont-size:20px !important;\r\n\t\t\t\t}\n}\n\n\/* phone *\/\n@media (max-width: 767px){\n.tdi_14 .tdm-title{\r\n\t\t\t\t\tfont-size:14px !important;line-height:22px !important;\r\n\t\t\t\t}\n}\n<\/style><div class=\"tds-title tds-title1 td-fix-index tdi_14 \"><h3 class=\"tdm-title tdm-title-sm\">Adres<\/h3><\/div><p class=\"tdm-descr td-fix-index\">Route du Rawyl 66 , 1950 Sion<\/p><\/div><\/div><style>.tdi_11 .tds-icon-box .tds-icon{\r\n\t\t\t\t    font-size: 50px;\r\n\t\t\t\t    text-align: center;\r\n\t\t\t\t\r\n\t\t\t\t    width: 50px;\r\n\t\t\t\t    height: 50px;\r\n\t\t\t\t    line-height: 50px;\r\n\t\t\t\t}<\/style><\/div><div class=\"tdm_block td_block_wrap tdm_block_icon_box tdi_15 tdm-content-horiz-left tds_icon_box2_wrap td-pb-border-top td_block_template_1\"  data-td-block-uid=\"tdi_15\" >\n<style>\n\/* custom css - generated by TagDiv Composer *\/\n.tdi_16 .tdm-col-icon{\r\n\t\t\t\t    padding-right: 16px;\r\n\t\t\t\t}.tdi_16 .tds-title{\r\n\t\t\t\t    margin-top: -3px;\r\n\t\t\t\t\r\n\t\t\t\t    margin-bottom: 0px;\r\n\t\t\t\t}.tdi_16 .tdm-descr{\r\n\t\t\t\t    margin-bottom: 0px;\r\n\t\t\t\t\r\n\t\t\t\t    color: #81c132;\t\t\t  \r\n\t\t\t\t}.tdi_15:hover .tdm-descr{\r\n\t\t\t\t    color: #81c132;\t\t\t  \r\n\t\t\t\t}\n<\/style><div class=\"tds-icon-box tds-icon-box2 td-fix-index  tdi_16\"><div class=\"tdm-col-icon\">\n<style>\n\/* custom css - generated by TagDiv Composer *\/\n.tdi_17{\r\n\t\t\t\t    -webkit-transition: all 0.2s ease;\r\n                    -moz-transition: all 0.2s ease;\r\n                    -o-transition: all 0.2s ease;\r\n                    transition: all 0.2s ease;\r\n\t\t\t\t}.tdi_17:before{\r\n\t\t\t\t    -webkit-transition: all 0.2s ease;\r\n                    -moz-transition: all 0.2s ease;\r\n                    -o-transition: all 0.2s ease;\r\n                    transition: all 0.2s ease;\r\n\t\t\t\t\r\n\t\t\t\t\tcolor: #81c132;\r\n\t\t\t\t}.tdi_17 svg{\r\n\t\t\t\t    fill: #81c132;\r\n\t\t\t\t}.tdi_17 svg *{\r\n\t\t\t\t    fill: inherit;\r\n\t\t\t\t}\n\n\/* landscape *\/\n@media (min-width: 1019px) and (max-width: 1140px){\n\n}\n\n\/* portrait *\/\n@media (min-width: 768px) and (max-width: 1018px){\n\n}\n\n\/* phone *\/\n@media (max-width: 767px){\n\n}\n<\/style><i class=\"tds-icon tdc-font-tdmp tdc-font-tdmp-envelope-open tdi_17 td-fix-index \"><\/i><\/div><div class=\"tdm-col-text\">\n<style>\n\/* custom css - generated by TagDiv Composer *\/\n.tdi_18 .tdm-title{\r\n\t\t\t\t\tfont-family:Raleway !important;font-size:24px !important;line-height:30px !important;font-weight:500 !important;\r\n\t\t\t\t}\n\n\/* portrait *\/\n@media (min-width: 768px) and (max-width: 1018px){\n.tdi_18 .tdm-title{\r\n\t\t\t\t\tfont-size:20px !important;\r\n\t\t\t\t}\n}\n\n\/* phone *\/\n@media (max-width: 767px){\n.tdi_18 .tdm-title{\r\n\t\t\t\t\tfont-size:14px !important;line-height:22px !important;\r\n\t\t\t\t}\n}\n<\/style><div class=\"tds-title tds-title1 td-fix-index tdi_18 \"><h3 class=\"tdm-title tdm-title-sm\">Email<\/h3><\/div><p class=\"tdm-descr td-fix-index\">info@ikrhone.com<\/p><\/div><\/div><style>.tdi_15 .tds-icon-box .tds-icon{\r\n\t\t\t\t    font-size: 48px;\r\n\t\t\t\t    text-align: center;\r\n\t\t\t\t\r\n\t\t\t\t    width: 48px;\r\n\t\t\t\t    height: 48px;\r\n\t\t\t\t    line-height: 48px;\r\n\t\t\t\t}<\/style><\/div><\/div><\/div><div class=\"vc_column tdi_20  wpb_column vc_column_container tdc-column td-pb-span7\">\n<style scoped>\n\/* custom css - generated by TagDiv Composer *\/\n\n\/* custom css - generated by TagDiv Composer *\/\n.tdi_20{\r\n                    vertical-align: baseline;\r\n                }.tdi_20 > .wpb_wrapper,\r\n\t\t\t\t.tdi_20 > .wpb_wrapper > .tdc-elements{\r\n\t\t\t\t    display: block;\r\n\t\t\t\t}.tdi_20 > .wpb_wrapper > .tdc-elements{\r\n\t\t\t\t    width: 100%;\r\n\t\t\t\t}.tdi_20 > .wpb_wrapper > .vc_row_inner{\r\n\t\t\t\t    width: auto;\r\n\t\t\t\t}.tdi_20 > .wpb_wrapper{\r\n\t\t\t\t    width: auto;\r\n\t\t\t\t    height: auto;\r\n\t\t\t\t}\n\/* inline tdc_css att - generated by TagDiv Composer *\/\n\n.tdi_20{\npadding-top:20px !important;\npadding-right:20px !important;\npadding-bottom:20px !important;\npadding-left:20px !important;\nposition:relative;\n}\n\n<\/style>\n<div class=\"tdi_19_rand_style td-element-style\" ><style>\n\/* custom css - generated by TagDiv Composer *\/\n\n.tdi_19_rand_style{\nbackground-color:#f4f4f4 !important;\n}\n <\/style><\/div><div class=\"wpb_wrapper\" ><div class=\"tdm_block td_block_wrap tdm_block_column_title tdi_21 tdm-content-horiz-left td-pb-border-top td_block_template_1\"  data-td-block-uid=\"tdi_21\" >\n<style>\n\n\/* inline tdc_css att - generated by TagDiv Composer *\/\n\n.tdi_21{\nmargin-bottom:20px !important;\n}\n\n<\/style>\n<style>\n\/* custom css - generated by TagDiv Composer *\/\n.tdm_block_column_title{\r\n                  margin-bottom: 0;\r\n                  display: inline-block;\r\n                  width: 100%;\r\n                }\n<\/style><div class=\"td-block-row\"><div class=\"td-block-span12 tdm-col\">\n<style>\n\/* custom css - generated by TagDiv Composer *\/\n.tdi_22 .tdm-title{\r\n\t\t\t\t\tfont-family:Raleway !important;font-size:24px !important;line-height:30px !important;\r\n\t\t\t\t}\n\n\/* portrait *\/\n@media (min-width: 768px) and (max-width: 1018px){\n.tdi_22 .tdm-title{\r\n\t\t\t\t\tfont-size:20px !important;\r\n\t\t\t\t}\n}\n\n\/* phone *\/\n@media (max-width: 767px){\n.tdi_22 .tdm-title{\r\n\t\t\t\t\tfont-size:14px !important;line-height:22px !important;\r\n\t\t\t\t}\n}\n<\/style><div class=\"tds-title tds-title1 td-fix-index tdi_22 \"><h3 class=\"tdm-title tdm-title-sm\">QR Code<\/h3><\/div><\/div><\/div><\/div><div class=\"wpb_wrapper wpb_text_column td_block_wrap td_block_wrap vc_column_text tdi_23  tagdiv-type td-pb-border-top td_block_template_1\"  data-td-block-uid=\"tdi_23\" >\n<style>\n\n\/* inline tdc_css att - generated by TagDiv Composer *\/\n\n.tdi_23{\npadding-top:20px !important;\npadding-right:30px !important;\npadding-bottom:20px !important;\npadding-left:30px !important;\nborder-color:#eaeaea !important;\nborder-style:solid !important;\nborder-width:0 !important;\nposition:relative;\n}\n\n<\/style>\n<style>\n\/* custom css - generated by TagDiv Composer *\/\n.vc_column_text > .td-element-style{\r\n\t\t\t\t\tz-index: -1;\r\n\t\t\t\t}\n<\/style>\n<div class=\"tdi_23_rand_style td-element-style\"><style>\n.tdi_23_rand_style{\nbackground-color:#ffffff !important;\n}\n <\/style><\/div><div class=\"td-fix-index\"><p><img loading=\"lazy\" decoding=\"async\" class=\"alignnone size-full wp-image-840\" src=\"https:\/\/ikrhone.com\/wp-content\/uploads\/2023\/03\/Facture_QR_202303121.jpg\" alt=\"\" width=\"1058\" height=\"1058\" \/><\/p>\n<\/div><\/div><\/div><\/div><\/div><\/div><\/div><\/div>","protected":false},"excerpt":{"rendered":"","protected":false},"author":1,"featured_media":0,"parent":0,"menu_order":0,"comment_status":"closed","ping_status":"closed","template":"","meta":{"footnotes":""},"class_list":["post-418","page","type-page","status-publish"],"_links":{"self":[{"href":"https:\/\/ikrhone.com\/tr\/wp-json\/wp\/v2\/pages\/418","targetHints":{"allow":["GET"]}}],"collection":[{"href":"https:\/\/ikrhone.com\/tr\/wp-json\/wp\/v2\/pages"}],"about":[{"href":"https:\/\/ikrhone.com\/tr\/wp-json\/wp\/v2\/types\/page"}],"author":[{"embeddable":true,"href":"https:\/\/ikrhone.com\/tr\/wp-json\/wp\/v2\/users\/1"}],"replies":[{"embeddable":true,"href":"https:\/\/ikrhone.com\/tr\/wp-json\/wp\/v2\/comments?post=418"}],"version-history":[{"count":0,"href":"https:\/\/ikrhone.com\/tr\/wp-json\/wp\/v2\/pages\/418\/revisions"}],"wp:attachment":[{"href":"https:\/\/ikrhone.com\/tr\/wp-json\/wp\/v2\/media?parent=418"}],"curies":[{"name":"wp","href":"https:\/\/api.w.org\/{rel}","templated":true}]}}